{"id":1797,"date":"2018-03-21T15:07:42","date_gmt":"2018-03-21T15:07:42","guid":{"rendered":"http:\/\/www.navaryacht.com\/?page_id=1797"},"modified":"2026-01-30T10:58:06","modified_gmt":"2026-01-30T10:58:06","slug":"home","status":"publish","type":"page","link":"https:\/\/www.navaryacht.com\/mne\/","title":{"rendered":"Naslovna"},"content":{"rendered":"<div class=\"wpb-content-wrapper\"><p>[vc_row css_animation=&#8221;&#8221; row_type=&#8221;row&#8221; use_row_as_full_screen_section=&#8221;no&#8221; type=&#8221;full_width&#8221; angled_section=&#8221;no&#8221; text_align=&#8221;left&#8221; background_image_as_pattern=&#8221;without_pattern&#8221;][vc_column][rev_slider_vc alias=&#8221;home&#8221;][\/vc_column][\/vc_row][vc_row css_animation=&#8221;&#8221; row_type=&#8221;row&#8221; use_row_as_full_screen_section=&#8221;no&#8221; type=&#8221;full_width&#8221; angled_section=&#8221;no&#8221; text_align=&#8221;left&#8221; background_image_as_pattern=&#8221;without_pattern&#8221; css=&#8221;.vc_custom_1610037944480{background-color: #20476b !important;}&#8221; z_index=&#8221;&#8221;][vc_column][vc_empty_space height=&#8221;220px&#8221;][\/vc_column][\/vc_row][vc_row css_animation=&#8221;&#8221; row_type=&#8221;row&#8221; use_row_as_full_screen_section=&#8221;no&#8221; type=&#8221;grid&#8221; angled_section=&#8221;no&#8221; text_align=&#8221;center&#8221; background_image_as_pattern=&#8221;without_pattern&#8221; z_index=&#8221;&#8221; css=&#8221;.vc_custom_1613137762204{margin-top: -5% !important;background-image: url(http:\/\/www.navaryacht.com\/wp-content\/uploads\/2021\/02\/pozadina-1-navar.png?id=1087) !important;}&#8221; el_class=&#8221;pozadina-desno makni-margine makni-neg-margin&#8221;][vc_column width=&#8221;1\/2&#8243; offset=&#8221;vc_col-lg-6 vc_col-md-6&#8243; css=&#8221;.vc_custom_1614073244148{margin-top: -25% !important;padding-right: 0px !important;padding-left: 0px !important;}&#8221; el_class=&#8221;povecaj-neg-top add-marg-b&#8221;][vc_raw_html]JTNDYSUyMGNsYXNzJTNEJTIybGluayUyMHNlcnZpY2UtdGl0bGUlMjIlMjBocmVmJTNEJTIyaHR0cCUzQSUyRiUyRm5hdmFyeWFjaHQuY29tJTJGbW5lJTJGc2VydmlzaS16YS1qYWh0ZSUyRiUyMiUzRSUzQ2gyJTNFVVNMVUdFJTIwSSUyME9QUkVNQSUzQyUyRmgyJTNFJTNDJTJGYSUzRQ==[\/vc_raw_html][vc_empty_space height=&#8221;20px&#8221;][vc_row_inner row_type=&#8221;row&#8221; type=&#8221;full_width&#8221; text_align=&#8221;left&#8221; css_animation=&#8221;&#8221; el_class=&#8221;blok&#8221;][vc_column_inner css=&#8221;.vc_custom_1610038915526{padding-right: 0px !important;padding-left: 0px !important;}&#8221;][vc_single_image image=&#8221;257&#8243; img_size=&#8221;full&#8221; alignment=&#8221;center&#8221; onclick=&#8221;custom_link&#8221; qode_css_animation=&#8221;&#8221; el_class=&#8221;border-img&#8221; link=&#8221;http:\/\/www.navaryacht.com\/mne\/servisi-za-jahte\/&#8221;][vc_column_text el_class=&#8221;service-blok&#8221;]<\/p>\n<h2 class=\"naslov\">Sve servisne usluge za jahte<\/h2>\n<p>NAVAR je idealna tehni\u010dka baza za Vasu jahtu, sa svim potrebnim uslugama i servisima na jednom mjestu. Dugogodi\u0161nje iskustvo u gradnji plovila i servisiranju jahti, uz izuzetne tehni\u010dke mogu\u0107nosti i stru\u010dno osoblje, glavni su aduti brodogradili\u0161ta NAVAR.<\/p>\n<div class=\"btni\"><a href=\"\/mne\/servisi-za-jahte\/\">USLUGE ZA JAHTE<\/a><a href=\"\/mne\/motori-i-oprema\/\">MOTORI &amp; OPREMA<\/a><\/div>\n<p>[\/vc_column_text][\/vc_column_inner][\/vc_row_inner][\/vc_column][vc_column width=&#8221;1\/2&#8243; offset=&#8221;vc_col-lg-6 vc_col-md-6&#8243; css=&#8221;.vc_custom_1614591979321{margin-top: -25% !important;padding-right: 0px !important;padding-left: 0px !important;}&#8221; el_class=&#8221;povecaj-neg-top drugi&#8221;][vc_raw_html]JTNDYSUyMGNsYXNzJTNEJTIybGluayUyMHNlcnZpY2UtdGl0bGUlMjBzZWNvbmQlMjIlMjBocmVmJTNEJTIyaHR0cCUzQSUyRiUyRm5hdmFyeWFjaHQuY29tJTJGbW5lJTJGYmVuZXRlYXUtc2FpbCUyRiUyMiUzRSUzQ2gyJTNFUFJPREFKQSUyMEpBSFRJJTNDJTJGaDIlM0UlM0MlMkZhJTNF[\/vc_raw_html][vc_empty_space height=&#8221;20px&#8221;][vc_row_inner row_type=&#8221;row&#8221; type=&#8221;full_width&#8221; text_align=&#8221;left&#8221; css_animation=&#8221;&#8221; el_class=&#8221;blok desni&#8221;][vc_column_inner css=&#8221;.vc_custom_1610038915526{padding-right: 0px !important;padding-left: 0px !important;}&#8221;][vc_single_image image=&#8221;275&#8243; img_size=&#8221;full&#8221; alignment=&#8221;center&#8221; onclick=&#8221;custom_link&#8221; qode_css_animation=&#8221;&#8221; el_class=&#8221;border-img&#8221; link=&#8221;http:\/\/www.navaryacht.com\/mne\/beneteau-sail\/&#8221;][vc_column_text css=&#8221;&#8221; el_class=&#8221;service-blok&#8221;]<\/p>\n<h2 class=\"naslov\">BENETEAU &#8211; Najbolji Izbor<\/h2>\n<p>U poslednjih 130 godina, Beneteau je proizveo preko 38,000 jedrilica i motornih jahti! Ako tra\u017eite kvalitet, pouzdanost i dobru tehni\u010dku podr\u0161ku, onda je BENETEAU Va\u0161 najbolji izbor. Kupci Beneteau plovila imaju posebne povoljnosti u marini NAVAR.<\/p>\n<div class=\"btni\"><a href=\"\/mne\/beneteau-sail\/\">BENETEAU SAIL<\/a><a href=\"\/mne\/beneteau-power\/\">BENETEAU DAYBOATS<\/a><a href=\"\/mne\/navar-brodovi\/\">NAVAR BRODOVI<\/a><\/div>\n<p>[\/vc_column_text][\/vc_column_inner][\/vc_row_inner][\/vc_column][\/vc_row][vc_row css_animation=&#8221;&#8221; row_type=&#8221;row&#8221; use_row_as_full_screen_section=&#8221;no&#8221; type=&#8221;full_width&#8221; angled_section=&#8221;no&#8221; text_align=&#8221;left&#8221; background_image_as_pattern=&#8221;without_pattern&#8221; z_index=&#8221;&#8221;][vc_column][vc_empty_space height=&#8221;30px&#8221;][\/vc_column][\/vc_row][vc_row css_animation=&#8221;&#8221; row_type=&#8221;row&#8221; use_row_as_full_screen_section=&#8221;no&#8221; type=&#8221;grid&#8221; angled_section=&#8221;no&#8221; text_align=&#8221;center&#8221; background_image_as_pattern=&#8221;without_pattern&#8221; z_index=&#8221;1&#8243; css=&#8221;.vc_custom_1614075095958{margin-bottom: -12% !important;background-image: url(http:\/\/www.navaryacht.com\/wp-content\/uploads\/2021\/02\/pozadina-2-navar.png?id=1099) !important;}&#8221; el_class=&#8221;pozadina-lijevo makni-neg-margin&#8221;][vc_column offset=&#8221;vc_col-lg-12 vc_col-md-12&#8243; css=&#8221;.vc_custom_1611220990446{padding-right: 0px !important;padding-left: 0px !important;}&#8221;][vc_row_inner row_type=&#8221;row&#8221; type=&#8221;full_width&#8221; text_align=&#8221;left&#8221; css_animation=&#8221;&#8221; css=&#8221;.vc_custom_1614592197552{border-top-width: 3px !important;border-right-width: 3px !important;border-bottom-width: 3px !important;border-left-width: 3px !important;padding-top: 30px !important;padding-bottom: 30px !important;border-left-color: #c6d0d9 !important;border-left-style: solid !important;border-right-color: #c6d0d9 !important;border-right-style: solid !important;border-top-color: #c6d0d9 !important;border-top-style: solid !important;border-bottom-color: #c6d0d9 !important;border-bottom-style: solid !important;border-radius: 15px !important;}&#8221; el_class=&#8221;blok cijeli&#8221;][vc_column_inner css=&#8221;.vc_custom_1610038915526{padding-right: 0px !important;padding-left: 0px !important;}&#8221;][vc_column_text el_class=&#8221;centriraj istaknuto&#8221;]NAVAR se u zadnjih 25 godina razvio od brodogradili\u0161ta za mala plovila u uspje\u0161ni tehni\u010dki centar za jahte. NAVAR mo\u017ee ponuditi kompletnu uslugu sevisa, \u010duvanja i odr\u017eavanja na jednom mjestu zahvaljuju\u0107i izuzetnim tehni\u010dkim mogu\u0107nostima i stru\u010dnom osoblju. Od 2009, NAVAR je postao zvani\u010dni zastupnik za BENETAU Power &amp; Sail.[\/vc_column_text][\/vc_column_inner][\/vc_row_inner][vc_empty_space height=&#8221;30px&#8221;]<a  itemprop=\"url\" href=\"\/mne\/kontakt\/\" target=\"_self\"  class=\"qbutton  center default action-btn\" style=\"color: #ffffff; border-radius: 12px;-moz-border-radius: 12px;-webkit-border-radius: 12px; background-color: #20a8f5;\">KONTAKTIRAJTE NAS<\/a>[vc_empty_space height=&#8221;50px&#8221;][vc_single_image image=&#8221;281&#8243; img_size=&#8221;full&#8221; alignment=&#8221;center&#8221; qode_css_animation=&#8221;&#8221;][vc_empty_space height=&#8221;30px&#8221; el_class=&#8221;razmak&#8221;][vc_row_inner row_type=&#8221;row&#8221; type=&#8221;full_width&#8221; text_align=&#8221;center&#8221; css_animation=&#8221;&#8221;][vc_column_inner width=&#8221;1\/2&#8243; css=&#8221;.vc_custom_1769769843790{margin-top: 10px !important;margin-right: 10px !important;margin-bottom: 10px !important;margin-left: 10px !important;}&#8221;]<a  itemprop=\"url\" href=\"https:\/\/www.navaryacht.com\/wp-content\/uploads\/2026\/01\/OPSTI-USLOVI-POSLOVANJA-BRODOGRADILISNE-LUKE-BONICI-TIVAT-15.1.2026.pdf\" target=\"_self\"  class=\"qbutton  center default action-btn\" style=\"color: #ffffff; border-radius: 12px;-moz-border-radius: 12px;-webkit-border-radius: 12px; background-color: #20a8f5;\">OP\u0160TI USLOVI POSLOVANJA<\/a>[\/vc_column_inner][vc_column_inner width=&#8221;1\/2&#8243; css=&#8221;.vc_custom_1769769853626{margin-top: 10px !important;margin-right: 10px !important;margin-bottom: 10px !important;margin-left: 10px !important;}&#8221;]<a  itemprop=\"url\" href=\"https:\/\/www.navaryacht.com\/wp-content\/uploads\/2026\/01\/PRAVILA-O-NACINU-ODRZAVANJA-REDA-15012025-final.pdf\" target=\"_self\"  class=\"qbutton  center default action-btn\" style=\"color: #ffffff; border-radius: 12px;-moz-border-radius: 12px;-webkit-border-radius: 12px; background-color: #20a8f5;\">PRAVILA O ODR\u017dAVANJU REDA<\/a>[\/vc_column_inner][\/vc_row_inner][vc_empty_space height=&#8221;260px&#8221;][\/vc_column][\/vc_row][vc_row css_animation=&#8221;&#8221; row_type=&#8221;row&#8221; use_row_as_full_screen_section=&#8221;no&#8221; type=&#8221;full_width&#8221; angled_section=&#8221;no&#8221; text_align=&#8221;left&#8221; background_image_as_pattern=&#8221;without_pattern&#8221; css=&#8221;.vc_custom_1614076454628{background-color: #20476b !important;}&#8221; z_index=&#8221;&#8221;][vc_column css=&#8221;.vc_custom_1614074102996{margin-top: -10% !important;}&#8221;][vc_empty_space height=&#8221;220px&#8221;][\/vc_column][\/vc_row][vc_row css_animation=&#8221;&#8221; row_type=&#8221;row&#8221; use_row_as_full_screen_section=&#8221;no&#8221; type=&#8221;grid&#8221; angled_section=&#8221;no&#8221; text_align=&#8221;left&#8221; background_image_as_pattern=&#8221;without_pattern&#8221; z_index=&#8221;&#8221; css=&#8221;.vc_custom_1611563784230{padding-bottom: 0px !important;background-image: url(http:\/\/www.navaryacht.com\/wp-content\/uploads\/2021\/01\/brodske-linije.png?id=325) !important;}&#8221; el_class=&#8221;pozadina-bottom&#8221;][vc_column offset=&#8221;vc_col-lg-12 vc_col-md-12&#8243; css=&#8221;.vc_custom_1614076829216{margin-top: -18% !important;}&#8221; el_class=&#8221;povecaj-neg-top-mid&#8221;][vc_raw_html]JTNDc3BhbiUyMGNsYXNzJTNEJTIybGluayUyMGxpamV2byUyMiUzRSUzQ2gyJTNFTk9WT1NUSSUzQyUyRmgyJTNFJTNDJTJGc3BhbiUzRSUwQSU1Qm5ld3MtZ3JpZCU1RA==[\/vc_raw_html][\/vc_column][\/vc_row][vc_row css_animation=&#8221;&#8221; row_type=&#8221;row&#8221; use_row_as_full_screen_section=&#8221;no&#8221; type=&#8221;grid&#8221; angled_section=&#8221;no&#8221; text_align=&#8221;left&#8221; background_image_as_pattern=&#8221;without_pattern&#8221; z_index=&#8221;&#8221; css=&#8221;.vc_custom_1614593236609{padding-top: 30px !important;}&#8221; el_class=&#8221;firme&#8221;][vc_column]<a  itemprop=\"url\" href=\"#\" target=\"_self\"  class=\"qbutton  large center default more-news\" style=\"color: #091a40; border-color: #c6d0d9; border-radius: 0px;-moz-border-radius: 0px;-webkit-border-radius: 0px; background-color: #ffffff;\">PRO\u010cITAJ VI\u0160E NOVOSTI<\/a>[\/vc_column][\/vc_row][vc_row css_animation=&#8221;&#8221; row_type=&#8221;row&#8221; use_row_as_full_screen_section=&#8221;no&#8221; type=&#8221;grid&#8221; angled_section=&#8221;no&#8221; text_align=&#8221;left&#8221; background_image_as_pattern=&#8221;without_pattern&#8221; z_index=&#8221;&#8221; css=&#8221;.vc_custom_1613733319875{padding-top: 12px !important;padding-bottom: 12px !important;}&#8221; el_class=&#8221;firme&#8221;][vc_column][vc_raw_html]JTVCc2xpZGUtYW55dGhpbmclMjBpZCUzRCUyMjMxNSUyMiU1RA==[\/vc_raw_html][\/vc_column][\/vc_row]<\/p>\n<\/div>","protected":false},"excerpt":{"rendered":"<p>[vc_row css_animation=&#8221;&#8221; row_type=&#8221;row&#8221; use_row_as_full_screen_section=&#8221;no&#8221; type=&#8221;full_width&#8221; angled_section=&#8221;no&#8221; text_align=&#8221;left&#8221; background_image_as_pattern=&#8221;without_pattern&#8221;][vc_column][rev_slider_vc alias=&#8221;home&#8221;][\/vc_column][\/vc_row][vc_row css_animation=&#8221;&#8221; row_type=&#8221;row&#8221; use_row_as_full_screen_section=&#8221;no&#8221; type=&#8221;full_width&#8221; angled_section=&#8221;no&#8221; text_align=&#8221;left&#8221; background_image_as_pattern=&#8221;without_pattern&#8221; css=&#8221;.vc_custom_1610037944480{background-color: #20476b !important;}&#8221; z_index=&#8221;&#8221;][vc_column][vc_empty_space height=&#8221;220px&#8221;][\/vc_column][\/vc_row][vc_row css_animation=&#8221;&#8221; row_type=&#8221;row&#8221; use_row_as_full_screen_section=&#8221;no&#8221; type=&#8221;grid&#8221; angled_section=&#8221;no&#8221; text_align=&#8221;center&#8221; background_image_as_pattern=&#8221;without_pattern&#8221; z_index=&#8221;&#8221; css=&#8221;.vc_custom_1613137762204{margin-top: -5% !important;background-image: url(http:\/\/www.navaryacht.com\/wp-content\/uploads\/2021\/02\/pozadina-1-navar.png?id=1087) !important;}&#8221; el_class=&#8221;pozadina-desno makni-margine makni-neg-margin&#8221;][vc_column width=&#8221;1\/2&#8243; offset=&#8221;vc_col-lg-6 vc_col-md-6&#8243; css=&#8221;.vc_custom_1614073244148{margin-top: -25% !important;padding-right: 0px !important;padding-left:&#8230;<\/p>\n","protected":false},"author":1,"featured_media":1799,"parent":0,"menu_order":0,"comment_status":"closed","ping_status":"closed","template":"full_width.php","meta":{"_acf_changed":false,"footnotes":""},"class_list":["post-1797","page","type-page","status-publish","has-post-thumbnail","hentry"],"acf":[],"yoast_head":"<!-- This site is optimized with the Yoast SEO plugin v27.2 - https:\/\/yoast.com\/product\/yoast-seo-wordpress\/ -->\n<title>Naslovna - Navar Yachts | Servisi za jahte | Beneteau Power &amp; Sail<\/title>\n<meta name=\"description\" content=\"Navar je zvanicni distributer za Beneteau Power &amp; Sail u Crnoj Gori koji nudi odli\u010dne usluge i servis za jahte....\" \/>\n<meta name=\"robots\" content=\"index, follow, max-snippet:-1, max-image-preview:large, max-video-preview:-1\" \/>\n<link rel=\"canonical\" href=\"https:\/\/www.navaryacht.com\/mne\/\" \/>\n<meta property=\"og:locale\" content=\"mn_MN\" \/>\n<meta property=\"og:type\" content=\"article\" \/>\n<meta property=\"og:title\" content=\"Naslovna - Navar Yachts | Servisi za jahte | Beneteau Power &amp; Sail\" \/>\n<meta property=\"og:description\" content=\"Navar je zvanicni distributer za Beneteau Power &amp; Sail u Crnoj Gori koji nudi odli\u010dne usluge i servis za jahte....\" \/>\n<meta property=\"og:url\" content=\"https:\/\/www.navaryacht.com\/mne\/\" \/>\n<meta property=\"og:site_name\" content=\"Navar Yachts\" \/>\n<meta property=\"article:modified_time\" content=\"2026-01-30T10:58:06+00:00\" \/>\n<meta property=\"og:image\" content=\"https:\/\/www.navaryacht.com\/wp-content\/uploads\/2021\/01\/yacht-services.jpg\" \/>\n\t<meta property=\"og:image:width\" content=\"588\" \/>\n\t<meta property=\"og:image:height\" content=\"415\" \/>\n\t<meta property=\"og:image:type\" content=\"image\/jpeg\" \/>\n<meta name=\"twitter:card\" content=\"summary_large_image\" \/>\n<meta name=\"twitter:label1\" content=\"Est. reading time\" \/>\n\t<meta name=\"twitter:data1\" content=\"3 minutes\" \/>\n<script type=\"application\/ld+json\" class=\"yoast-schema-graph\">{\"@context\":\"https:\/\/schema.org\",\"@graph\":[{\"@type\":\"WebPage\",\"@id\":\"https:\/\/www.navaryacht.com\/mne\/\",\"url\":\"https:\/\/www.navaryacht.com\/mne\/\",\"name\":\"Naslovna - Navar Yachts | Servisi za jahte | Beneteau Power & Sail\",\"isPartOf\":{\"@id\":\"https:\/\/www.navaryacht.com\/mne\/#website\"},\"primaryImageOfPage\":{\"@id\":\"https:\/\/www.navaryacht.com\/mne\/#primaryimage\"},\"image\":{\"@id\":\"https:\/\/www.navaryacht.com\/mne\/#primaryimage\"},\"thumbnailUrl\":\"https:\/\/www.navaryacht.com\/wp-content\/uploads\/2021\/01\/yacht-services.jpg\",\"datePublished\":\"2018-03-21T15:07:42+00:00\",\"dateModified\":\"2026-01-30T10:58:06+00:00\",\"description\":\"Navar je zvanicni distributer za Beneteau Power & Sail u Crnoj Gori koji nudi odli\u010dne usluge i servis za jahte....\",\"breadcrumb\":{\"@id\":\"https:\/\/www.navaryacht.com\/mne\/#breadcrumb\"},\"inLanguage\":\"mne\",\"potentialAction\":[{\"@type\":\"ReadAction\",\"target\":[\"https:\/\/www.navaryacht.com\/mne\/\"]}]},{\"@type\":\"ImageObject\",\"inLanguage\":\"mne\",\"@id\":\"https:\/\/www.navaryacht.com\/mne\/#primaryimage\",\"url\":\"https:\/\/www.navaryacht.com\/wp-content\/uploads\/2021\/01\/yacht-services.jpg\",\"contentUrl\":\"https:\/\/www.navaryacht.com\/wp-content\/uploads\/2021\/01\/yacht-services.jpg\",\"width\":588,\"height\":415,\"caption\":\"yacht services\"},{\"@type\":\"BreadcrumbList\",\"@id\":\"https:\/\/www.navaryacht.com\/mne\/#breadcrumb\",\"itemListElement\":[{\"@type\":\"ListItem\",\"position\":1,\"name\":\"Home\",\"item\":\"https:\/\/www.navaryacht.com\/mne\/\"},{\"@type\":\"ListItem\",\"position\":2,\"name\":\"Naslovna\"}]},{\"@type\":\"WebSite\",\"@id\":\"https:\/\/www.navaryacht.com\/mne\/#website\",\"url\":\"https:\/\/www.navaryacht.com\/mne\/\",\"name\":\"Navar Yachts\",\"description\":\"Navar Yacht Service\",\"potentialAction\":[{\"@type\":\"SearchAction\",\"target\":{\"@type\":\"EntryPoint\",\"urlTemplate\":\"https:\/\/www.navaryacht.com\/mne\/?s={search_term_string}\"},\"query-input\":{\"@type\":\"PropertyValueSpecification\",\"valueRequired\":true,\"valueName\":\"search_term_string\"}}],\"inLanguage\":\"mne\"}]}<\/script>\n<!-- \/ Yoast SEO plugin. -->","yoast_head_json":{"title":"Naslovna - Navar Yachts | Servisi za jahte | Beneteau Power & Sail","description":"Navar je zvanicni distributer za Beneteau Power & Sail u Crnoj Gori koji nudi odli\u010dne usluge i servis za jahte....","robots":{"index":"index","follow":"follow","max-snippet":"max-snippet:-1","max-image-preview":"max-image-preview:large","max-video-preview":"max-video-preview:-1"},"canonical":"https:\/\/www.navaryacht.com\/mne\/","og_locale":"mn_MN","og_type":"article","og_title":"Naslovna - Navar Yachts | Servisi za jahte | Beneteau Power & Sail","og_description":"Navar je zvanicni distributer za Beneteau Power & Sail u Crnoj Gori koji nudi odli\u010dne usluge i servis za jahte....","og_url":"https:\/\/www.navaryacht.com\/mne\/","og_site_name":"Navar Yachts","article_modified_time":"2026-01-30T10:58:06+00:00","og_image":[{"width":588,"height":415,"url":"https:\/\/www.navaryacht.com\/wp-content\/uploads\/2021\/01\/yacht-services.jpg","type":"image\/jpeg"}],"twitter_card":"summary_large_image","twitter_misc":{"Est. reading time":"3 minutes"},"schema":{"@context":"https:\/\/schema.org","@graph":[{"@type":"WebPage","@id":"https:\/\/www.navaryacht.com\/mne\/","url":"https:\/\/www.navaryacht.com\/mne\/","name":"Naslovna - Navar Yachts | Servisi za jahte | Beneteau Power & Sail","isPartOf":{"@id":"https:\/\/www.navaryacht.com\/mne\/#website"},"primaryImageOfPage":{"@id":"https:\/\/www.navaryacht.com\/mne\/#primaryimage"},"image":{"@id":"https:\/\/www.navaryacht.com\/mne\/#primaryimage"},"thumbnailUrl":"https:\/\/www.navaryacht.com\/wp-content\/uploads\/2021\/01\/yacht-services.jpg","datePublished":"2018-03-21T15:07:42+00:00","dateModified":"2026-01-30T10:58:06+00:00","description":"Navar je zvanicni distributer za Beneteau Power & Sail u Crnoj Gori koji nudi odli\u010dne usluge i servis za jahte....","breadcrumb":{"@id":"https:\/\/www.navaryacht.com\/mne\/#breadcrumb"},"inLanguage":"mne","potentialAction":[{"@type":"ReadAction","target":["https:\/\/www.navaryacht.com\/mne\/"]}]},{"@type":"ImageObject","inLanguage":"mne","@id":"https:\/\/www.navaryacht.com\/mne\/#primaryimage","url":"https:\/\/www.navaryacht.com\/wp-content\/uploads\/2021\/01\/yacht-services.jpg","contentUrl":"https:\/\/www.navaryacht.com\/wp-content\/uploads\/2021\/01\/yacht-services.jpg","width":588,"height":415,"caption":"yacht services"},{"@type":"BreadcrumbList","@id":"https:\/\/www.navaryacht.com\/mne\/#breadcrumb","itemListElement":[{"@type":"ListItem","position":1,"name":"Home","item":"https:\/\/www.navaryacht.com\/mne\/"},{"@type":"ListItem","position":2,"name":"Naslovna"}]},{"@type":"WebSite","@id":"https:\/\/www.navaryacht.com\/mne\/#website","url":"https:\/\/www.navaryacht.com\/mne\/","name":"Navar Yachts","description":"Navar Yacht Service","potentialAction":[{"@type":"SearchAction","target":{"@type":"EntryPoint","urlTemplate":"https:\/\/www.navaryacht.com\/mne\/?s={search_term_string}"},"query-input":{"@type":"PropertyValueSpecification","valueRequired":true,"valueName":"search_term_string"}}],"inLanguage":"mne"}]}},"_links":{"self":[{"href":"https:\/\/www.navaryacht.com\/mne\/wp-json\/wp\/v2\/pages\/1797","targetHints":{"allow":["GET"]}}],"collection":[{"href":"https:\/\/www.navaryacht.com\/mne\/wp-json\/wp\/v2\/pages"}],"about":[{"href":"https:\/\/www.navaryacht.com\/mne\/wp-json\/wp\/v2\/types\/page"}],"author":[{"embeddable":true,"href":"https:\/\/www.navaryacht.com\/mne\/wp-json\/wp\/v2\/users\/1"}],"replies":[{"embeddable":true,"href":"https:\/\/www.navaryacht.com\/mne\/wp-json\/wp\/v2\/comments?post=1797"}],"version-history":[{"count":5,"href":"https:\/\/www.navaryacht.com\/mne\/wp-json\/wp\/v2\/pages\/1797\/revisions"}],"predecessor-version":[{"id":9062,"href":"https:\/\/www.navaryacht.com\/mne\/wp-json\/wp\/v2\/pages\/1797\/revisions\/9062"}],"wp:featuredmedia":[{"embeddable":true,"href":"https:\/\/www.navaryacht.com\/mne\/wp-json\/wp\/v2\/media\/1799"}],"wp:attachment":[{"href":"https:\/\/www.navaryacht.com\/mne\/wp-json\/wp\/v2\/media?parent=1797"}],"curies":[{"name":"wp","href":"https:\/\/api.w.org\/{rel}","templated":true}]}}