{"id":1809,"date":"2021-01-12T16:17:58","date_gmt":"2021-01-12T16:17:58","guid":{"rendered":"http:\/\/www.navaryacht.com\/?page_id=1809"},"modified":"2021-06-16T08:31:17","modified_gmt":"2021-06-16T08:31:17","slug":"usluge-za-jahte","status":"publish","type":"page","link":"https:\/\/www.navaryacht.com\/mne\/usluge-za-jahte\/","title":{"rendered":"Usluge za jahte"},"content":{"rendered":"<div class=\"wpb-content-wrapper\"><p>[vc_row css_animation=&#8221;&#8221; row_type=&#8221;row&#8221; use_row_as_full_screen_section=&#8221;no&#8221; type=&#8221;grid&#8221; angled_section=&#8221;no&#8221; text_align=&#8221;left&#8221; background_image_as_pattern=&#8221;without_pattern&#8221; css=&#8221;.vc_custom_1613407319555{background-image: url(http:\/\/www.navaryacht.com\/wp-content\/uploads\/2021\/02\/YACHT-SERVICES.jpg?id=1118) !important;background-position: center !important;background-repeat: no-repeat !important;background-size: cover !important;}&#8221; z_index=&#8221;&#8221; el_class=&#8221;naslovni-banner&#8221;][vc_column][vc_raw_html]JTVCYnJlYWRjcnVtYnMlNUQ=[\/vc_raw_html][vc_empty_space height=&#8221;10px&#8221;][vc_raw_html]JTNDaDElMjBjbGFzcyUzRCUyMmRlc25vJTIwbmFzbG92LWJpamVsaSUyMiUzRVNWRSUyME5BJTIwSkVETk9NJTIwTUpFU1RVJTNDJTJGaDElM0U=[\/vc_raw_html][\/vc_column][\/vc_row][vc_row css_animation=&#8221;&#8221; row_type=&#8221;row&#8221; use_row_as_full_screen_section=&#8221;no&#8221; type=&#8221;full_width&#8221; angled_section=&#8221;no&#8221; text_align=&#8221;left&#8221; background_image_as_pattern=&#8221;without_pattern&#8221; css=&#8221;.vc_custom_1610037944480{background-color: #20476b !important;}&#8221; z_index=&#8221;&#8221;][vc_column][vc_empty_space height=&#8221;220px&#8221;][\/vc_column][\/vc_row][vc_row css_animation=&#8221;&#8221; row_type=&#8221;row&#8221; use_row_as_full_screen_section=&#8221;no&#8221; type=&#8221;grid&#8221; angled_section=&#8221;no&#8221; text_align=&#8221;center&#8221; background_image_as_pattern=&#8221;without_pattern&#8221; z_index=&#8221;&#8221; css=&#8221;.vc_custom_1611224076298{margin-top: -5% !important;background-image: url(http:\/\/www.navaryacht.com\/wp-content\/uploads\/2021\/01\/navar.png?id=385) !important;}&#8221; el_class=&#8221;pozadina-gore&#8221;][vc_column offset=&#8221;vc_col-lg-12 vc_col-md-12&#8243; css=&#8221;.vc_custom_1614079356382{margin-top: -14% !important;padding-right: 0px !important;padding-left: 0px !important;}&#8221; el_class=&#8221;povecaj-neg-top-mid&#8221;][vc_raw_html]JTNDaDIlMjBjbGFzcyUzRCUyMnBvZG5hc2xvdiUyMiUzRVVTTFVHRSUyMFpBJTIwSkFIVEUlM0MlMkZoMiUzRSUwQSU1QnlhY2h0LXNlcnZpY2VzJTVEJTBB[\/vc_raw_html][vc_row_inner row_type=&#8221;row&#8221; type=&#8221;full_width&#8221; text_align=&#8221;left&#8221; css_animation=&#8221;&#8221; css=&#8221;.vc_custom_1610472552313{border-top-width: 3px !important;border-right-width: 3px !important;border-bottom-width: 3px !important;border-left-width: 3px !important;padding-top: 30px !important;padding-right: 0px !important;padding-bottom: 30px !important;padding-left: 0px !important;background-color: #ffffff !important;border-left-color: #c6d0d9 !important;border-left-style: solid !important;border-right-color: #c6d0d9 !important;border-right-style: solid !important;border-top-color: #c6d0d9 !important;border-top-style: solid !important;border-bottom-color: #c6d0d9 !important;border-bottom-style: solid !important;border-radius: 15px !important;}&#8221; el_class=&#8221;blok cijeli&#8221;][vc_column_inner width=&#8221;1\/2&#8243; css=&#8221;.vc_custom_1610038915526{padding-right: 0px !important;padding-left: 0px !important;}&#8221;][vc_raw_html]JTNDaDMlMjBjbGFzcyUzRCUyMm1vZHJpLW5hc2xvdiUyMiUzRU5BVkFSJTIwLSUyMHpuYSVDNCU4RGVuamUlMjBuYXppdmElM0MlMkZoMyUzRQ==[\/vc_raw_html][vc_column_text]Naziv NAVAR je nastao od <strong>NAV<\/strong>al + <strong>AR<\/strong>chitecture. Osniva\u010d firme je brodogra\u0111evni in\u017eenjer Branko Zgradi\u0107 \u010diji sinovi, tako\u0111e brodogra\u0111evni in\u017eenjeri, danas vode brodogradili\u0161te i marinu. Zahvaljuju\u0107i njihovom odgovornom odnosu prema poslu i izuzetnom po\u0161tenju, odnosi sa klijentima su prijateljski, sa puno po\u0161tovanja i povjerenja.[\/vc_column_text][\/vc_column_inner][vc_column_inner width=&#8221;1\/2&#8243;][vc_single_image image=&#8221;487&#8243; img_size=&#8221;full&#8221; qode_css_animation=&#8221;&#8221; el_class=&#8221;certifikati&#8221;][\/vc_column_inner][\/vc_row_inner][vc_empty_space height=&#8221;50px&#8221;][\/vc_column][\/vc_row][vc_row css_animation=&#8221;&#8221; row_type=&#8221;row&#8221; use_row_as_full_screen_section=&#8221;no&#8221; type=&#8221;grid&#8221; angled_section=&#8221;no&#8221; text_align=&#8221;center&#8221; background_image_as_pattern=&#8221;without_pattern&#8221; z_index=&#8221;&#8221;][vc_column]<a  itemprop=\"url\" href=\"\/mne\/upit-za-ponudu\/?request=Yacht%20Services\" target=\"_self\"  class=\"qbutton  center default action-btn centriraj\" style=\"color: #ffffff; border-radius: 12px;-moz-border-radius: 12px;-webkit-border-radius: 12px; background-color: #20a8f5;\">ZATRA\u017dI PONUDU<\/a>[vc_empty_space height=&#8221;50px&#8221;][vc_single_image image=&#8221;281&#8243; img_size=&#8221;full&#8221; alignment=&#8221;center&#8221; qode_css_animation=&#8221;&#8221;][vc_empty_space height=&#8221;50px&#8221;][\/vc_column][\/vc_row][vc_row css_animation=&#8221;&#8221; row_type=&#8221;row&#8221; use_row_as_full_screen_section=&#8221;no&#8221; type=&#8221;grid&#8221; angled_section=&#8221;no&#8221; text_align=&#8221;left&#8221; background_image_as_pattern=&#8221;without_pattern&#8221; z_index=&#8221;&#8221; css=&#8221;.vc_custom_1610469426364{padding-top: 12px !important;padding-bottom: 12px !important;}&#8221; el_class=&#8221;firme&#8221;][vc_column][vc_raw_html]JTVCc2xpZGUtYW55dGhpbmclMjBpZCUzRCUyNzMxNSUyNyU1RA==[\/vc_raw_html][\/vc_column][\/vc_row][vc_row css_animation=&#8221;&#8221; row_type=&#8221;row&#8221; use_row_as_full_screen_section=&#8221;no&#8221; type=&#8221;grid&#8221; angled_section=&#8221;no&#8221; text_align=&#8221;left&#8221; background_image_as_pattern=&#8221;without_pattern&#8221; z_index=&#8221;&#8221; css=&#8221;.vc_custom_1613641066623{padding-top: 12px !important;padding-bottom: 12px !important;background-color: #e9eaec !important;}&#8221; el_class=&#8221;firme sakrij&#8221;][vc_column][vc_raw_html]JTVCZGlzY292ZXItbGlua3MlNUQ=[\/vc_raw_html][\/vc_column][\/vc_row]<\/p>\n<\/div>","protected":false},"excerpt":{"rendered":"<p>[vc_row css_animation=&#8221;&#8221; row_type=&#8221;row&#8221; use_row_as_full_screen_section=&#8221;no&#8221; type=&#8221;grid&#8221; angled_section=&#8221;no&#8221; text_align=&#8221;left&#8221; background_image_as_pattern=&#8221;without_pattern&#8221; css=&#8221;.vc_custom_1613407319555{background-image: url(http:\/\/www.navaryacht.com\/wp-content\/uploads\/2021\/02\/YACHT-SERVICES.jpg?id=1118) !important;background-position: center !important;background-repeat: no-repeat !important;background-size: cover !important;}&#8221; z_index=&#8221;&#8221; el_class=&#8221;naslovni-banner&#8221;][vc_column][vc_raw_html]JTVCYnJlYWRjcnVtYnMlNUQ=[\/vc_raw_html][vc_empty_space height=&#8221;10px&#8221;][vc_raw_html]JTNDaDElMjBjbGFzcyUzRCUyMmRlc25vJTIwbmFzbG92LWJpamVsaSUyMiUzRVNWRSUyME5BJTIwSkVETk9NJTIwTUpFU1RVJTNDJTJGaDElM0U=[\/vc_raw_html][\/vc_column][\/vc_row][vc_row css_animation=&#8221;&#8221; row_type=&#8221;row&#8221; use_row_as_full_screen_section=&#8221;no&#8221; type=&#8221;full_width&#8221; angled_section=&#8221;no&#8221; text_align=&#8221;left&#8221; background_image_as_pattern=&#8221;without_pattern&#8221; css=&#8221;.vc_custom_1610037944480{background-color: #20476b !important;}&#8221; z_index=&#8221;&#8221;][vc_column][vc_empty_space height=&#8221;220px&#8221;][\/vc_column][\/vc_row][vc_row css_animation=&#8221;&#8221; row_type=&#8221;row&#8221; use_row_as_full_screen_section=&#8221;no&#8221; type=&#8221;grid&#8221; angled_section=&#8221;no&#8221; text_align=&#8221;center&#8221; background_image_as_pattern=&#8221;without_pattern&#8221; z_index=&#8221;&#8221; css=&#8221;.vc_custom_1611224076298{margin-top: -5% !important;background-image: url(http:\/\/www.navaryacht.com\/wp-content\/uploads\/2021\/01\/navar.png?id=385) !important;}&#8221;&#8230;<\/p>\n","protected":false},"author":1,"featured_media":0,"parent":0,"menu_order":0,"comment_status":"closed","ping_status":"closed","template":"full_width.php","meta":{"_acf_changed":false,"footnotes":""},"class_list":["post-1809","page","type-page","status-publish","hentry"],"acf":[],"yoast_head":"<!-- This site is optimized with the Yoast SEO plugin v27.2 - https:\/\/yoast.com\/product\/yoast-seo-wordpress\/ -->\n<title>Servisi za jahte | Navar Yachts | Marina | Wintering | Travel lifts<\/title>\n<meta name=\"description\" content=\"Brodogradili\u0161te NAVAR nudi sve usluge za jahte na jednom mjestu, uklju\u010duju\u0107i zimovnik, odr\u017eavanje, popravak i ugradnju opreme.\" \/>\n<meta name=\"robots\" content=\"index, follow, max-snippet:-1, max-image-preview:large, max-video-preview:-1\" \/>\n<link rel=\"canonical\" href=\"https:\/\/www.navaryacht.com\/mne\/usluge-za-jahte\/\" \/>\n<meta property=\"og:locale\" content=\"mn_MN\" \/>\n<meta property=\"og:type\" content=\"article\" \/>\n<meta property=\"og:title\" content=\"Servisi za jahte | Navar Yachts | Marina | Wintering | Travel lifts\" \/>\n<meta property=\"og:description\" content=\"Brodogradili\u0161te NAVAR nudi sve usluge za jahte na jednom mjestu, uklju\u010duju\u0107i zimovnik, odr\u017eavanje, popravak i ugradnju opreme.\" \/>\n<meta property=\"og:url\" content=\"https:\/\/www.navaryacht.com\/mne\/usluge-za-jahte\/\" \/>\n<meta property=\"og:site_name\" content=\"Navar Yachts\" \/>\n<meta property=\"article:modified_time\" content=\"2021-06-16T08:31:17+00:00\" \/>\n<meta name=\"twitter:card\" content=\"summary_large_image\" \/>\n<meta name=\"twitter:label1\" content=\"Est. reading time\" \/>\n\t<meta name=\"twitter:data1\" content=\"1 minute\" \/>\n<script type=\"application\/ld+json\" class=\"yoast-schema-graph\">{\"@context\":\"https:\/\/schema.org\",\"@graph\":[{\"@type\":\"WebPage\",\"@id\":\"https:\/\/www.navaryacht.com\/mne\/usluge-za-jahte\/\",\"url\":\"https:\/\/www.navaryacht.com\/mne\/usluge-za-jahte\/\",\"name\":\"Servisi za jahte | Navar Yachts | Marina | Wintering | Travel lifts\",\"isPartOf\":{\"@id\":\"https:\/\/www.navaryacht.com\/mne\/#website\"},\"datePublished\":\"2021-01-12T16:17:58+00:00\",\"dateModified\":\"2021-06-16T08:31:17+00:00\",\"description\":\"Brodogradili\u0161te NAVAR nudi sve usluge za jahte na jednom mjestu, uklju\u010duju\u0107i zimovnik, odr\u017eavanje, popravak i ugradnju opreme.\",\"breadcrumb\":{\"@id\":\"https:\/\/www.navaryacht.com\/mne\/usluge-za-jahte\/#breadcrumb\"},\"inLanguage\":\"mne\",\"potentialAction\":[{\"@type\":\"ReadAction\",\"target\":[\"https:\/\/www.navaryacht.com\/mne\/usluge-za-jahte\/\"]}]},{\"@type\":\"BreadcrumbList\",\"@id\":\"https:\/\/www.navaryacht.com\/mne\/usluge-za-jahte\/#breadcrumb\",\"itemListElement\":[{\"@type\":\"ListItem\",\"position\":1,\"name\":\"Home\",\"item\":\"https:\/\/www.navaryacht.com\/mne\/\"},{\"@type\":\"ListItem\",\"position\":2,\"name\":\"Usluge za jahte\"}]},{\"@type\":\"WebSite\",\"@id\":\"https:\/\/www.navaryacht.com\/mne\/#website\",\"url\":\"https:\/\/www.navaryacht.com\/mne\/\",\"name\":\"Navar Yachts\",\"description\":\"Navar Yacht Service\",\"potentialAction\":[{\"@type\":\"SearchAction\",\"target\":{\"@type\":\"EntryPoint\",\"urlTemplate\":\"https:\/\/www.navaryacht.com\/mne\/?s={search_term_string}\"},\"query-input\":{\"@type\":\"PropertyValueSpecification\",\"valueRequired\":true,\"valueName\":\"search_term_string\"}}],\"inLanguage\":\"mne\"}]}<\/script>\n<!-- \/ Yoast SEO plugin. -->","yoast_head_json":{"title":"Servisi za jahte | Navar Yachts | Marina | Wintering | Travel lifts","description":"Brodogradili\u0161te NAVAR nudi sve usluge za jahte na jednom mjestu, uklju\u010duju\u0107i zimovnik, odr\u017eavanje, popravak i ugradnju opreme.","robots":{"index":"index","follow":"follow","max-snippet":"max-snippet:-1","max-image-preview":"max-image-preview:large","max-video-preview":"max-video-preview:-1"},"canonical":"https:\/\/www.navaryacht.com\/mne\/usluge-za-jahte\/","og_locale":"mn_MN","og_type":"article","og_title":"Servisi za jahte | Navar Yachts | Marina | Wintering | Travel lifts","og_description":"Brodogradili\u0161te NAVAR nudi sve usluge za jahte na jednom mjestu, uklju\u010duju\u0107i zimovnik, odr\u017eavanje, popravak i ugradnju opreme.","og_url":"https:\/\/www.navaryacht.com\/mne\/usluge-za-jahte\/","og_site_name":"Navar Yachts","article_modified_time":"2021-06-16T08:31:17+00:00","twitter_card":"summary_large_image","twitter_misc":{"Est. reading time":"1 minute"},"schema":{"@context":"https:\/\/schema.org","@graph":[{"@type":"WebPage","@id":"https:\/\/www.navaryacht.com\/mne\/usluge-za-jahte\/","url":"https:\/\/www.navaryacht.com\/mne\/usluge-za-jahte\/","name":"Servisi za jahte | Navar Yachts | Marina | Wintering | Travel lifts","isPartOf":{"@id":"https:\/\/www.navaryacht.com\/mne\/#website"},"datePublished":"2021-01-12T16:17:58+00:00","dateModified":"2021-06-16T08:31:17+00:00","description":"Brodogradili\u0161te NAVAR nudi sve usluge za jahte na jednom mjestu, uklju\u010duju\u0107i zimovnik, odr\u017eavanje, popravak i ugradnju opreme.","breadcrumb":{"@id":"https:\/\/www.navaryacht.com\/mne\/usluge-za-jahte\/#breadcrumb"},"inLanguage":"mne","potentialAction":[{"@type":"ReadAction","target":["https:\/\/www.navaryacht.com\/mne\/usluge-za-jahte\/"]}]},{"@type":"BreadcrumbList","@id":"https:\/\/www.navaryacht.com\/mne\/usluge-za-jahte\/#breadcrumb","itemListElement":[{"@type":"ListItem","position":1,"name":"Home","item":"https:\/\/www.navaryacht.com\/mne\/"},{"@type":"ListItem","position":2,"name":"Usluge za jahte"}]},{"@type":"WebSite","@id":"https:\/\/www.navaryacht.com\/mne\/#website","url":"https:\/\/www.navaryacht.com\/mne\/","name":"Navar Yachts","description":"Navar Yacht Service","potentialAction":[{"@type":"SearchAction","target":{"@type":"EntryPoint","urlTemplate":"https:\/\/www.navaryacht.com\/mne\/?s={search_term_string}"},"query-input":{"@type":"PropertyValueSpecification","valueRequired":true,"valueName":"search_term_string"}}],"inLanguage":"mne"}]}},"_links":{"self":[{"href":"https:\/\/www.navaryacht.com\/mne\/wp-json\/wp\/v2\/pages\/1809","targetHints":{"allow":["GET"]}}],"collection":[{"href":"https:\/\/www.navaryacht.com\/mne\/wp-json\/wp\/v2\/pages"}],"about":[{"href":"https:\/\/www.navaryacht.com\/mne\/wp-json\/wp\/v2\/types\/page"}],"author":[{"embeddable":true,"href":"https:\/\/www.navaryacht.com\/mne\/wp-json\/wp\/v2\/users\/1"}],"replies":[{"embeddable":true,"href":"https:\/\/www.navaryacht.com\/mne\/wp-json\/wp\/v2\/comments?post=1809"}],"version-history":[{"count":0,"href":"https:\/\/www.navaryacht.com\/mne\/wp-json\/wp\/v2\/pages\/1809\/revisions"}],"wp:attachment":[{"href":"https:\/\/www.navaryacht.com\/mne\/wp-json\/wp\/v2\/media?parent=1809"}],"curies":[{"name":"wp","href":"https:\/\/api.w.org\/{rel}","templated":true}]}}