{"id":1815,"date":"2021-01-12T13:45:09","date_gmt":"2021-01-12T13:45:09","guid":{"rendered":"http:\/\/www.navaryacht.com\/?page_id=1815"},"modified":"2025-10-11T07:52:05","modified_gmt":"2025-10-11T07:52:05","slug":"beneteau-power-yachts","status":"publish","type":"page","link":"https:\/\/www.navaryacht.com\/mne\/beneteau-power-yachts\/","title":{"rendered":"Beneteau Dayboats"},"content":{"rendered":"<div class=\"wpb-content-wrapper\"><p>[vc_row css_animation=&#8221;&#8221; row_type=&#8221;row&#8221; use_row_as_full_screen_section=&#8221;no&#8221; type=&#8221;grid&#8221; angled_section=&#8221;no&#8221; text_align=&#8221;left&#8221; background_image_as_pattern=&#8221;without_pattern&#8221; css=&#8221;.vc_custom_1758805447499{background-image: url(https:\/\/www.navaryacht.com\/wp-content\/uploads\/2021\/06\/Antares11Fly.webp?id=5312) !important;background-position: center !important;background-repeat: no-repeat !important;background-size: cover !important;}&#8221; z_index=&#8221;&#8221; el_class=&#8221;naslovni-banner&#8221;][vc_column][vc_raw_html]JTVCYnJlYWRjcnVtYnMlNUQ=[\/vc_raw_html][vc_empty_space height=&#8221;300px&#8221;][vc_raw_html css=&#8221;&#8221;]JTNDaDElMjBjbGFzcyUzRCUyMmRlc25vJTIwbmFzbG92LWJpamVsaSUyMiUzRUtPTUZPUiUyQyUyMFBPVVpEQU5PU1QlMjBJJTIwQlJaSU5BJTNDJTJGaDElM0U=[\/vc_raw_html][\/vc_column][\/vc_row][vc_row css_animation=&#8221;&#8221; row_type=&#8221;row&#8221; use_row_as_full_screen_section=&#8221;no&#8221; type=&#8221;full_width&#8221; angled_section=&#8221;no&#8221; text_align=&#8221;left&#8221; background_image_as_pattern=&#8221;without_pattern&#8221; css=&#8221;.vc_custom_1610037944480{background-color: #20476b !important;}&#8221; z_index=&#8221;&#8221;][vc_column][vc_empty_space height=&#8221;220px&#8221;][\/vc_column][\/vc_row][vc_row css_animation=&#8221;&#8221; row_type=&#8221;row&#8221; use_row_as_full_screen_section=&#8221;no&#8221; type=&#8221;grid&#8221; angled_section=&#8221;no&#8221; text_align=&#8221;center&#8221; background_image_as_pattern=&#8221;without_pattern&#8221; z_index=&#8221;&#8221; css=&#8221;.vc_custom_1615193369375{margin-top: -5% !important;background-image: url(http:\/\/www.navaryacht.com\/wp-content\/uploads\/2021\/02\/pozadina-1-benetteau-logo.png?id=1083) !important;}&#8221; el_class=&#8221;pozadina-lijevo pozadina-contain makni-neg-margin&#8221;][vc_column offset=&#8221;vc_col-lg-12 vc_col-md-12&#8243; css=&#8221;.vc_custom_1700737843699{padding-top: 20px !important;padding-right: 0px !important;padding-left: 0px !important;}&#8221; el_class=&#8221;povecaj-neg-top&#8221;][vc_raw_html css=&#8221;&#8221;]JTNDaDIlMjBjbGFzcyUzRCUyMnBvZG5hc2xvdiUyMiUzRURBWUJPQVQlMjBSQU5HRVMlM0MlMkZoMiUzRSUwQQ==[\/vc_raw_html][vc_row_inner row_type=&#8221;row&#8221; type=&#8221;full_width&#8221; text_align=&#8221;left&#8221; row_negative_margin=&#8221;disable_negative_margin&#8221; css_animation=&#8221;&#8221; css=&#8221;.vc_custom_1613641705095{border-top-width: 0px !important;border-right-width: 0px !important;border-bottom-width: 0px !important;border-left-width: 0px !important;padding-top: 30px !important;padding-bottom: 30px !important;}&#8221; el_class=&#8221;brodovi&#8221;][vc_column_inner el_class=&#8221;boat-block boat-block2&#8243; width=&#8221;1\/2&#8243; css=&#8221;.vc_custom_1700736801378{border-top-width: 3px !important;border-right-width: 3px !important;border-bottom-width: 3px !important;border-left-width: 3px !important;padding-top: 0px !important;padding-right: 0px !important;padding-left: 0px !important;background-color: #ffffff !important;border-left-color: #c6d0d9 !important;border-left-style: solid !important;border-right-color: #c6d0d9 !important;border-right-style: solid !important;border-top-color: #c6d0d9 !important;border-top-style: solid !important;border-bottom-color: #c6d0d9 !important;border-bottom-style: solid !important;border-radius: 15px !important;}&#8221; el_id=&#8221;antares&#8221;][vc_single_image image=&#8221;442&#8243; img_size=&#8221;full&#8221; alignment=&#8221;center&#8221; qode_css_animation=&#8221;&#8221; el_class=&#8221;boat-logo&#8221;][vc_single_image image=&#8221;648&#8243; img_size=&#8221;full&#8221; alignment=&#8221;center&#8221; qode_css_animation=&#8221;&#8221;][vc_column_text css=&#8221;&#8221; el_class=&#8221;centriraj ranges-text&#8221;]ANTARES su brodice sa kabinom za porodi\u010dna krstarenja i ribolov. Prakti\u010dnost, sigurnost na moru\u00a0 i sportski karakter ih \u010dine tako popularnim ve\u0107 desetinama godina.[\/vc_column_text]<a  itemprop=\"url\" href=\"#\" target=\"_self\"  class=\"qbutton  center default models-btn\" style=\"color: #ffffff; border-radius: 12px;-moz-border-radius: 12px;-webkit-border-radius: 12px; background-color: #20476b;\">DISCOVER MODELS<\/a>[vc_raw_html]JTVCZGlzY292ZXItbW9kZWxzJTIwZ3J1cGElM0QlMjJhbnRhcmVzJTIyJTVE[\/vc_raw_html][\/vc_column_inner][vc_column_inner el_class=&#8221;boat-block boat-block2&#8243; width=&#8221;1\/2&#8243; css=&#8221;.vc_custom_1700736806628{border-top-width: 3px !important;border-right-width: 3px !important;border-bottom-width: 3px !important;border-left-width: 3px !important;padding-top: 0px !important;padding-right: 0px !important;padding-left: 0px !important;background-color: #ffffff !important;border-left-color: #c6d0d9 !important;border-left-style: solid !important;border-right-color: #c6d0d9 !important;border-right-style: solid !important;border-top-color: #c6d0d9 !important;border-top-style: solid !important;border-bottom-color: #c6d0d9 !important;border-bottom-style: solid !important;border-radius: 15px !important;}&#8221; el_id=&#8221;flyer&#8221;][vc_single_image image=&#8221;455&#8243; img_size=&#8221;full&#8221; alignment=&#8221;center&#8221; qode_css_animation=&#8221;&#8221; el_class=&#8221;boat-logo&#8221;][vc_single_image image=&#8221;649&#8243; img_size=&#8221;full&#8221; alignment=&#8221;center&#8221; qode_css_animation=&#8221;&#8221;][vc_column_text css=&#8221;&#8221; el_class=&#8221;centriraj ranges-text&#8221;]Brzi i atraktivni gliseri za aktivne nauti\u010dare. FLYER-i su napravljeni za u\u017eivanje u moru i suncu. Gotovo sve veli\u010dine imaju varijante SPACE &#8211; sa pram\u010danim kokpitom ili SUN &#8211; sa pram\u010danom palubom.[\/vc_column_text]<a  itemprop=\"url\" href=\"\" target=\"_self\"  class=\"qbutton  center default models-btn\" style=\"color: #ffffff; border-radius: 12px;-moz-border-radius: 12px;-webkit-border-radius: 12px; background-color: #20476b;\">DISCOVER MODELS<\/a>[vc_raw_html]JTVCZGlzY292ZXItbW9kZWxzJTIwZ3J1cGElM0QlMjJmbHllciUyMiU1RA==[\/vc_raw_html][\/vc_column_inner][\/vc_row_inner][vc_row_inner row_type=&#8221;row&#8221; type=&#8221;full_width&#8221; text_align=&#8221;left&#8221; css_animation=&#8221;&#8221; css=&#8221;.vc_custom_1610465300865{border-top-width: 3px !important;border-right-width: 3px !important;border-bottom-width: 3px !important;border-left-width: 3px !important;padding-top: 30px !important;padding-right: 0px !important;padding-bottom: 30px !important;padding-left: 0px !important;border-left-color: #c6d0d9 !important;border-left-style: solid !important;border-right-color: #c6d0d9 !important;border-right-style: solid !important;border-top-color: #c6d0d9 !important;border-top-style: solid !important;border-bottom-color: #c6d0d9 !important;border-bottom-style: solid !important;border-radius: 15px !important;}&#8221; el_class=&#8221;blok cijeli&#8221;][vc_column_inner css=&#8221;.vc_custom_1610038915526{padding-right: 0px !important;padding-left: 0px !important;}&#8221;][vc_raw_html]JTNDaDMlMjBjbGFzcyUzRCUyMm1vZHJpLW5hc2xvdiUyMiUzRUx1eHVyeSUyMHdpdGglMjBTdHlsZSUyMGFuZCUyMENoYXJhY3RlciUzQyUyRmgzJTNF[\/vc_raw_html][vc_column_text css=&#8221;&#8221;]NAVAR je deo servisne mre\u017ee Beneteau i profesionalno \u0107e voditi ra\u010duna o va\u0161em novom plovilu kako u garantnom roku, tako i poslije.[\/vc_column_text][\/vc_column_inner][\/vc_row_inner][vc_empty_space height=&#8221;50px&#8221;][\/vc_column][\/vc_row][vc_row css_animation=&#8221;&#8221; row_type=&#8221;row&#8221; use_row_as_full_screen_section=&#8221;no&#8221; type=&#8221;full_width&#8221; angled_section=&#8221;no&#8221; text_align=&#8221;left&#8221; background_image_as_pattern=&#8221;without_pattern&#8221; css=&#8221;.vc_custom_1610037944480{background-color: #20476b !important;}&#8221; z_index=&#8221;&#8221;][vc_column][vc_empty_space height=&#8221;220px&#8221;][\/vc_column][\/vc_row][vc_row css_animation=&#8221;&#8221; row_type=&#8221;row&#8221; use_row_as_full_screen_section=&#8221;no&#8221; type=&#8221;grid&#8221; angled_section=&#8221;no&#8221; text_align=&#8221;left&#8221; background_image_as_pattern=&#8221;without_pattern&#8221; z_index=&#8221;&#8221; el_class=&#8221;firme sakrij&#8221;][vc_column][vc_raw_html]JTVCc2xpZGUtYW55dGhpbmclMjBpZCUzRCUyMjMxNSUyMiU1RA==[\/vc_raw_html][\/vc_column][\/vc_row]<\/p>\n<\/div>","protected":false},"excerpt":{"rendered":"<p>[vc_row css_animation=&#8221;&#8221; row_type=&#8221;row&#8221; use_row_as_full_screen_section=&#8221;no&#8221; type=&#8221;grid&#8221; angled_section=&#8221;no&#8221; text_align=&#8221;left&#8221; background_image_as_pattern=&#8221;without_pattern&#8221; css=&#8221;.vc_custom_1758805447499{background-image: url(https:\/\/www.navaryacht.com\/wp-content\/uploads\/2021\/06\/Antares11Fly.webp?id=5312) !important;background-position: center !important;background-repeat: no-repeat !important;background-size: cover !important;}&#8221; z_index=&#8221;&#8221; el_class=&#8221;naslovni-banner&#8221;][vc_column][vc_raw_html]JTVCYnJlYWRjcnVtYnMlNUQ=[\/vc_raw_html][vc_empty_space height=&#8221;300px&#8221;][vc_raw_html css=&#8221;&#8221;]JTNDaDElMjBjbGFzcyUzRCUyMmRlc25vJTIwbmFzbG92LWJpamVsaSUyMiUzRUtPTUZPUiUyQyUyMFBPVVpEQU5PU1QlMjBJJTIwQlJaSU5BJTNDJTJGaDElM0U=[\/vc_raw_html][\/vc_column][\/vc_row][vc_row css_animation=&#8221;&#8221; row_type=&#8221;row&#8221; use_row_as_full_screen_section=&#8221;no&#8221; type=&#8221;full_width&#8221; angled_section=&#8221;no&#8221; text_align=&#8221;left&#8221; background_image_as_pattern=&#8221;without_pattern&#8221; css=&#8221;.vc_custom_1610037944480{background-color: #20476b !important;}&#8221; z_index=&#8221;&#8221;][vc_column][vc_empty_space height=&#8221;220px&#8221;][\/vc_column][\/vc_row][vc_row css_animation=&#8221;&#8221; row_type=&#8221;row&#8221; use_row_as_full_screen_section=&#8221;no&#8221; type=&#8221;grid&#8221; angled_section=&#8221;no&#8221; text_align=&#8221;center&#8221; background_image_as_pattern=&#8221;without_pattern&#8221; z_index=&#8221;&#8221; css=&#8221;.vc_custom_1615193369375{margin-top: -5% !important;background-image: url(http:\/\/www.navaryacht.com\/wp-content\/uploads\/2021\/02\/pozadina-1-benetteau-logo.png?id=1083)&#8230;<\/p>\n","protected":false},"author":1,"featured_media":0,"parent":0,"menu_order":0,"comment_status":"closed","ping_status":"closed","template":"full_width.php","meta":{"_acf_changed":false,"footnotes":""},"class_list":["post-1815","page","type-page","status-publish","hentry"],"acf":[],"yoast_head":"<!-- This site is optimized with the Yoast SEO plugin v27.2 - https:\/\/yoast.com\/product\/yoast-seo-wordpress\/ -->\n<title>Benetau Power | Yachts and Motorboats | Navar Yachts<\/title>\n<meta name=\"description\" content=\"Company NAVAR is official dealer of Beneteau power boats and yachts since 2006. We provide good prices, and excellent aftersales service.\" \/>\n<meta name=\"robots\" content=\"index, follow, max-snippet:-1, max-image-preview:large, max-video-preview:-1\" \/>\n<link rel=\"canonical\" href=\"https:\/\/www.navaryacht.com\/mne\/beneteau-power-yachts\/\" \/>\n<meta property=\"og:locale\" content=\"mn_MN\" \/>\n<meta property=\"og:type\" content=\"article\" \/>\n<meta property=\"og:title\" content=\"Benetau Power | Yachts and Motorboats | Navar Yachts\" \/>\n<meta property=\"og:description\" content=\"Company NAVAR is official dealer of Beneteau power boats and yachts since 2006. We provide good prices, and excellent aftersales service.\" \/>\n<meta property=\"og:url\" content=\"https:\/\/www.navaryacht.com\/mne\/beneteau-power-yachts\/\" \/>\n<meta property=\"og:site_name\" content=\"Navar Yachts\" \/>\n<meta property=\"article:modified_time\" content=\"2025-10-11T07:52:05+00:00\" \/>\n<meta name=\"twitter:card\" content=\"summary_large_image\" \/>\n<meta name=\"twitter:label1\" content=\"Est. reading time\" \/>\n\t<meta name=\"twitter:data1\" content=\"3 minutes\" \/>\n<script type=\"application\/ld+json\" class=\"yoast-schema-graph\">{\"@context\":\"https:\/\/schema.org\",\"@graph\":[{\"@type\":\"WebPage\",\"@id\":\"https:\/\/www.navaryacht.com\/mne\/beneteau-power-yachts\/\",\"url\":\"https:\/\/www.navaryacht.com\/mne\/beneteau-power-yachts\/\",\"name\":\"Benetau Power | Yachts and Motorboats | Navar Yachts\",\"isPartOf\":{\"@id\":\"https:\/\/www.navaryacht.com\/mne\/#website\"},\"datePublished\":\"2021-01-12T13:45:09+00:00\",\"dateModified\":\"2025-10-11T07:52:05+00:00\",\"description\":\"Company NAVAR is official dealer of Beneteau power boats and yachts since 2006. We provide good prices, and excellent aftersales service.\",\"breadcrumb\":{\"@id\":\"https:\/\/www.navaryacht.com\/mne\/beneteau-power-yachts\/#breadcrumb\"},\"inLanguage\":\"mne\",\"potentialAction\":[{\"@type\":\"ReadAction\",\"target\":[\"https:\/\/www.navaryacht.com\/mne\/beneteau-power-yachts\/\"]}]},{\"@type\":\"BreadcrumbList\",\"@id\":\"https:\/\/www.navaryacht.com\/mne\/beneteau-power-yachts\/#breadcrumb\",\"itemListElement\":[{\"@type\":\"ListItem\",\"position\":1,\"name\":\"Home\",\"item\":\"https:\/\/www.navaryacht.com\/mne\/\"},{\"@type\":\"ListItem\",\"position\":2,\"name\":\"Beneteau Dayboats\"}]},{\"@type\":\"WebSite\",\"@id\":\"https:\/\/www.navaryacht.com\/mne\/#website\",\"url\":\"https:\/\/www.navaryacht.com\/mne\/\",\"name\":\"Navar Yachts\",\"description\":\"Navar Yacht Service\",\"potentialAction\":[{\"@type\":\"SearchAction\",\"target\":{\"@type\":\"EntryPoint\",\"urlTemplate\":\"https:\/\/www.navaryacht.com\/mne\/?s={search_term_string}\"},\"query-input\":{\"@type\":\"PropertyValueSpecification\",\"valueRequired\":true,\"valueName\":\"search_term_string\"}}],\"inLanguage\":\"mne\"}]}<\/script>\n<!-- \/ Yoast SEO plugin. -->","yoast_head_json":{"title":"Benetau Power | Yachts and Motorboats | Navar Yachts","description":"Company NAVAR is official dealer of Beneteau power boats and yachts since 2006. We provide good prices, and excellent aftersales service.","robots":{"index":"index","follow":"follow","max-snippet":"max-snippet:-1","max-image-preview":"max-image-preview:large","max-video-preview":"max-video-preview:-1"},"canonical":"https:\/\/www.navaryacht.com\/mne\/beneteau-power-yachts\/","og_locale":"mn_MN","og_type":"article","og_title":"Benetau Power | Yachts and Motorboats | Navar Yachts","og_description":"Company NAVAR is official dealer of Beneteau power boats and yachts since 2006. We provide good prices, and excellent aftersales service.","og_url":"https:\/\/www.navaryacht.com\/mne\/beneteau-power-yachts\/","og_site_name":"Navar Yachts","article_modified_time":"2025-10-11T07:52:05+00:00","twitter_card":"summary_large_image","twitter_misc":{"Est. reading time":"3 minutes"},"schema":{"@context":"https:\/\/schema.org","@graph":[{"@type":"WebPage","@id":"https:\/\/www.navaryacht.com\/mne\/beneteau-power-yachts\/","url":"https:\/\/www.navaryacht.com\/mne\/beneteau-power-yachts\/","name":"Benetau Power | Yachts and Motorboats | Navar Yachts","isPartOf":{"@id":"https:\/\/www.navaryacht.com\/mne\/#website"},"datePublished":"2021-01-12T13:45:09+00:00","dateModified":"2025-10-11T07:52:05+00:00","description":"Company NAVAR is official dealer of Beneteau power boats and yachts since 2006. We provide good prices, and excellent aftersales service.","breadcrumb":{"@id":"https:\/\/www.navaryacht.com\/mne\/beneteau-power-yachts\/#breadcrumb"},"inLanguage":"mne","potentialAction":[{"@type":"ReadAction","target":["https:\/\/www.navaryacht.com\/mne\/beneteau-power-yachts\/"]}]},{"@type":"BreadcrumbList","@id":"https:\/\/www.navaryacht.com\/mne\/beneteau-power-yachts\/#breadcrumb","itemListElement":[{"@type":"ListItem","position":1,"name":"Home","item":"https:\/\/www.navaryacht.com\/mne\/"},{"@type":"ListItem","position":2,"name":"Beneteau Dayboats"}]},{"@type":"WebSite","@id":"https:\/\/www.navaryacht.com\/mne\/#website","url":"https:\/\/www.navaryacht.com\/mne\/","name":"Navar Yachts","description":"Navar Yacht Service","potentialAction":[{"@type":"SearchAction","target":{"@type":"EntryPoint","urlTemplate":"https:\/\/www.navaryacht.com\/mne\/?s={search_term_string}"},"query-input":{"@type":"PropertyValueSpecification","valueRequired":true,"valueName":"search_term_string"}}],"inLanguage":"mne"}]}},"_links":{"self":[{"href":"https:\/\/www.navaryacht.com\/mne\/wp-json\/wp\/v2\/pages\/1815","targetHints":{"allow":["GET"]}}],"collection":[{"href":"https:\/\/www.navaryacht.com\/mne\/wp-json\/wp\/v2\/pages"}],"about":[{"href":"https:\/\/www.navaryacht.com\/mne\/wp-json\/wp\/v2\/types\/page"}],"author":[{"embeddable":true,"href":"https:\/\/www.navaryacht.com\/mne\/wp-json\/wp\/v2\/users\/1"}],"replies":[{"embeddable":true,"href":"https:\/\/www.navaryacht.com\/mne\/wp-json\/wp\/v2\/comments?post=1815"}],"version-history":[{"count":5,"href":"https:\/\/www.navaryacht.com\/mne\/wp-json\/wp\/v2\/pages\/1815\/revisions"}],"predecessor-version":[{"id":8847,"href":"https:\/\/www.navaryacht.com\/mne\/wp-json\/wp\/v2\/pages\/1815\/revisions\/8847"}],"wp:attachment":[{"href":"https:\/\/www.navaryacht.com\/mne\/wp-json\/wp\/v2\/media?parent=1815"}],"curies":[{"name":"wp","href":"https:\/\/api.w.org\/{rel}","templated":true}]}}